{"id":984,"date":"2025-01-04T13:53:45","date_gmt":"2025-01-04T16:53:45","guid":{"rendered":"https:\/\/universohackintosh.com\/portal\/?page_id=984"},"modified":"2025-01-10T14:17:38","modified_gmt":"2025-01-10T17:17:38","slug":"instalacao-hackintosh-profissional","status":"publish","type":"page","link":"https:\/\/universohackintosh.com\/portal\/instalacao-hackintosh-profissional\/","title":{"rendered":"Servi\u00e7o: Instala\u00e7\u00e3o Hackintosh Profissional"},"content":{"rendered":"\n<figure class=\"wp-block-image aligncenter size-full is-resized\"><a href=\"https:\/\/api.whatsapp.com\/send\/?phone=5541992011200&amp;text=Oi,%20tenho%20interesse%20no%20servi%C3%A7o:%20*Instala%C3%A7%C3%A3o%20Hackintosh%20Completo*\"><img loading=\"lazy\" decoding=\"async\" width=\"936\" height=\"324\" src=\"https:\/\/universohackintosh.com\/portal\/wp-content\/uploads\/2025\/01\/whats.png\" alt=\"\" class=\"wp-image-993\" style=\"width:436px;height:auto\" srcset=\"https:\/\/universohackintosh.com\/portal\/wp-content\/uploads\/2025\/01\/whats.png 936w, https:\/\/universohackintosh.com\/portal\/wp-content\/uploads\/2025\/01\/whats-300x104.png 300w, https:\/\/universohackintosh.com\/portal\/wp-content\/uploads\/2025\/01\/whats-768x266.png 768w\" sizes=\"auto, (max-width: 936px) 100vw, 936px\" \/><\/a><\/figure>\n\n\n\n<p class=\"is-style-default\">J\u00e1 pensou em utilizar o sistema da Apple, conhecido como macOS, em qualquer computador? Pode ser um desktop, um notebook ou at\u00e9 mesmo um Mini PC ou ent\u00e3o aqueles computadores <em>All In One<\/em><strong> <\/strong>(tudo em um, semelhantes a um iMac). E tudo isto ainda de maneira 100% original, sem nenhuma modifica\u00e7\u00e3o no sistema operacional, conhecido como Hackintosh Vanilla, livre de arquivos maliciosos e completamente seguro.<\/p>\n\n\n\n<p>Dependendo do seu equipamento (hardware como placa m\u00e3e, processador, placa de v\u00eddeo, notebook, etc), \u00e9 poss\u00edvel instalar qualquer vers\u00e3o do macOS, desde vers\u00f5es mais antigas como o macOS High Sierra (2017) at\u00e9 vers\u00f5es mais novas como Monterey (2021) , Ventura (2022), Sonoma (2023) e at\u00e9 mesmo a vers\u00e3o mais recente atualmente (2024) conhecida pelo seu nome Sequoia (vers\u00e3o 15).<\/p>\n\n\n\n<p>Prestamos este servi\u00e7o de maneira 100% remota, independente de onde voc\u00ea est\u00e1 no globo do planeta terra, bastando ser necess\u00e1rio apenas possuir uma internet de alta velocidade. O tempo m\u00e9dio para execu\u00e7\u00e3o deste tipo de servi\u00e7o \u00e9 de 6 a 12 horas, a depender do tipo de hardware\/setup que voc\u00ea possui e ao final voc\u00ea ter\u00e1 um Hackintosh pronto para uso com a vers\u00e3o mais atualizada do macOS que seu hardware suporta.<\/p>\n\n\n\n<p>Avan\u00e7ando para um ponto mais t\u00e9cnico, criaremos toda a EFI, configura\u00e7\u00f5es do Opencore, ajustes de Kexts, ajustes finos (tuning), otimiza\u00e7\u00e3o do config.plist, elabora\u00e7\u00e3o de <em>patches<\/em> de ACPI &amp; SSDT e tudo que for necess\u00e1rio para voc\u00ea ter uma experi\u00eancia perfeita com o macOS no seu computador.<\/p>\n\n\n\n<p>Ao final de todo o processo criaremos para voc\u00ea um pendrive com o backup de tudo que foi feito, principalmente da EFI que \u00e9 o cora\u00e7\u00e3o de todo e qualquer Hackintosh. Este pendrive ser\u00e1 essencial para cen\u00e1rios onde \u00e9 necess\u00e1ria algum tipo de recupera\u00e7\u00e3o do macOS e\/ou reinstala\u00e7\u00e3o simplificada e r\u00e1pida do sistema j\u00e1 com a EFI pronta. <\/p>\n\n\n\n<p><em>Este servi\u00e7o \u00e9 destinado para setup\u2019s compat\u00edveis com o processo de Hackintosh. Caso voc\u00ea tenha d\u00favidas se o seu \u00e9 compat\u00edvel, recomendamos primeiramente contratar o&nbsp;<strong><a href=\"https:\/\/universohackintosh.com\/portal\/avaliacao-compatibilidade-hackintosh\/\">servi\u00e7o de avalia\u00e7\u00e3o de compatibilidade<\/a><\/strong> (R$ 150,00). Caso voc\u00ea contrate a instala\u00e7\u00e3o sem avalia\u00e7\u00e3o e seja descoberto que o seu setup seja incompat\u00edvel e inviabilize o processo de instala\u00e7\u00e3o do macOS, estornaremos o valor pago descontando o valor referente a uma&nbsp;<a href=\"https:\/\/universohackintosh.com\/portal\/consultoria-profissional-para-hackintosh\/#servico-consultoria-por-hora-hackintosh\"><strong>hora t\u00e9cnica de consultoria<\/strong><\/a>. (R$ 420,00).<\/em><\/p>\n\n\n\n<h2 class=\"wp-block-heading\" id=\"quanto-custa-o-servico-de-instalacao-remota-do-hackintosh\">Quanto custa o servi\u00e7o de instala\u00e7\u00e3o remota do Hackintosh<\/h2>\n\n\n\n<p>Para pagamentos a vista\/PIX, conseguimos dar um desconto pois n\u00e3o temos as taxas de maquininhas e plataformas de pagamento, ficando no valor de apenas&nbsp;<strong>R$ 1.650<\/strong>. Se voc\u00ea desejar pagar por cart\u00e3o de cr\u00e9dito, parcelado em 6x, o valor fica em <strong>R$<\/strong>&nbsp;<strong>1.866,10<\/strong> <strong>(6x R$ 311,02)<\/strong>.<\/p>\n\n\n\n<figure class=\"wp-block-image aligncenter size-full is-resized\"><a href=\"https:\/\/api.whatsapp.com\/send\/?phone=5541992011200&amp;text=Oi,%20tenho%20interesse%20no%20servi%C3%A7o:%20*Instala%C3%A7%C3%A3o%20Hackintosh%20Completo*\"><img loading=\"lazy\" decoding=\"async\" width=\"936\" height=\"324\" src=\"https:\/\/universohackintosh.com\/portal\/wp-content\/uploads\/2025\/01\/whats.png\" alt=\"\" class=\"wp-image-993\" style=\"width:436px;height:auto\" srcset=\"https:\/\/universohackintosh.com\/portal\/wp-content\/uploads\/2025\/01\/whats.png 936w, https:\/\/universohackintosh.com\/portal\/wp-content\/uploads\/2025\/01\/whats-300x104.png 300w, https:\/\/universohackintosh.com\/portal\/wp-content\/uploads\/2025\/01\/whats-768x266.png 768w\" sizes=\"auto, (max-width: 936px) 100vw, 936px\" \/><\/a><\/figure>\n\n\n\n<h2 class=\"wp-block-heading\" id=\"duvidas-rapidas-e-comuns-sobre-hackintosh\">D\u00favidas r\u00e1pidas e comuns sobre Hackintosh<\/h2>\n\n\n\n<ul class=\"wp-block-list\">\n<li><strong>\u00c9 poss\u00edvel utilizar o Apple ID no Hackintosh? <\/strong>\n<ul class=\"wp-block-list\">\n<li>Sim, e al\u00e9m de poder utilizar o Apple ID normalmente, voc\u00ea pode ativar\/utilizar os recursos de compartilhamento familiar.<\/li>\n<\/ul>\n<\/li>\n\n\n\n<li><strong>Posso manter meu Hackintosh atualizado?<\/strong>\n<ul class=\"wp-block-list\">\n<li>Sim, desde que a EFI e processos de patches\/kexts estejam sempre aptos e atualizados para receber as novas vers\u00f5es do macOS. Estando tudo 100% \u00e9 poss\u00edvel atualizar o sistema pelo pr\u00f3prio painel do macOS;<\/li>\n\n\n\n<li>Caso voc\u00ea n\u00e3o conhe\u00e7a tecnicamente os detalhes de EFI, Opencore e etc, e queira a seguran\u00e7a de manter seu Hackintosh atualizado, oferecemos um servi\u00e7o de atualiza\u00e7\u00e3o mensal por assinatura e com um valor acess\u00edvel, deixando toda a responsabilidade de atualiza\u00e7\u00e3o do seu Hackintosh para quem \u00e9 especialista no assunto.<\/li>\n<\/ul>\n<\/li>\n\n\n\n<li><strong>\u00c9 seguro utilizar Hackintosh?<\/strong> \n<ul class=\"wp-block-list\">\n<li>Sim, definitivamente. A maneira na qual criamos seu Hackintosh \u00e9 100% livre de modifica\u00e7\u00f5es no sistema operacional, o que \u00e9 conhecido como <em>Vanilla<\/em>. N\u00e3o h\u00e1 modifica\u00e7\u00f5es internas do macOS, deixando assim o sistema 100% original\/intacto.<\/li>\n<\/ul>\n<\/li>\n\n\n\n<li><strong>Posso utilizar o Dual Boot com Windows e o Hackintosh?<\/strong>\n<ul class=\"wp-block-list\">\n<li>Sim, \u00e9 perfeitamente poss\u00edvel. Neste servi\u00e7o, caso voc\u00ea j\u00e1 possua o Windows instalado e seja de sua vontade, manteremos o Windows intacto e configuraremos o Hackintosh para suportar o Dual Boot. Em alguns casos a depender de como o Windows foi instalado e configurado anteriormente, ser\u00e1 necess\u00e1rio reinstalar o Windows. Em casos onde existe a necessidade de reinstala\u00e7\u00e3o do Windows, atuamos somente no Hackintosh e n\u00e3o na instala\u00e7\u00e3o do Windows.<\/li>\n<\/ul>\n<\/li>\n<\/ul>\n\n\n\n<h2 class=\"wp-block-heading\" id=\"duvidas-rapidas-e-comuns-sobre-hackintosh\">D\u00favidas r\u00e1pidas e comuns sobre este servi\u00e7o<\/h2>\n\n\n\n<ul class=\"wp-block-list\">\n<li><strong>O que \u00e9 necess\u00e1rio para realiza\u00e7\u00e3o do servi\u00e7o?<\/strong>\n<ul class=\"wp-block-list\">\n<li>Pendrive de boa qualidade &#8211; recomendamos um pendrive de 32Gb ou superior, mas pode ser utilizado pendrive de menor capacidade. Necessitaremos formatar este pendrive para a realiza\u00e7\u00e3o do processo e posterior backup do seu Hackintosh finalizado;<\/li>\n\n\n\n<li>Sua disponibilidade durante o processo. Apesar da grande maioria dos processos realizamos remotamente, existem etapas que s\u00e3o offline (como boot no pendrive, atualiza\u00e7\u00e3o de BIOS, modifica\u00e7\u00f5es de firmwares quando necess\u00e1rio, configura\u00e7\u00f5es do instalador, etc) e estas faremos a orienta\u00e7\u00e3o na grande maioria das vezes via v\u00eddeo-chamada.<\/li>\n<\/ul>\n<\/li>\n\n\n\n<li><strong>\u00c9 emitido nota fiscal do servi\u00e7o de instala\u00e7\u00e3o do Hackintosh?<\/strong>\n<ul class=\"wp-block-list\">\n<li>Sim, todo e qualquer servi\u00e7o de suporte\/consultoria realizados pelo Universo Hackintosh, emitiremos nota fiscal de servi\u00e7o para seu CPF e\/ou CNPJ, independente do estado\/cidade que voc\u00ea se encontra.<\/li>\n<\/ul>\n<\/li>\n\n\n\n<li><strong>Existe algum tipo de garantia do servi\u00e7o?<\/strong>\n<ul class=\"wp-block-list\">\n<li>N\u00e3o. Mas porque n\u00e3o existe garantia sobre o servi\u00e7o? Simplesmente por motivos que todo o processo \u00e9 realizado por software e n\u00e3o \u00e9 um componente f\u00edsico que est\u00e1 sujeito a defeitos de fabrica\u00e7\u00e3o. Nada impede de ao momento que terminarmos o processo e entregarmos o Hackintosh, voc\u00ea instale algo que danifique o sistema e\/ou modifique a EFI (softwares, v\u00edrus, etc); <\/li>\n\n\n\n<li>Para mitigar e evitar problemas, neste servi\u00e7o al\u00e9m de criarmos toda a EFI, ajustes e instala\u00e7\u00e3o do macOS deixando-o pronto para uso, realizamos diversos testes e valida\u00e7\u00f5es justamente com a finalidade de garantir um Hackintosh \u00edntegro, seguro e funcional;<\/li>\n\n\n\n<li>Para voc\u00ea ter tranquilidade e confian\u00e7a em nosso trabalho, voc\u00ea pode pesquisar no Google, ReclameAQUI, nosso canal no Youtube, f\u00f3runs e Discord, e n\u00e3o encontrar\u00e1 nenhum cliente insatisfeito com o nosso servi\u00e7o de instala\u00e7\u00e3o remota;<\/li>\n\n\n\n<li>Caso o cliente identifique problemas no Hackintosh e o mesmo esteja intacto e seja identificado problemas na cria\u00e7\u00e3o e\/ou configura\u00e7\u00e3o da EFI, realizaremos a corre\u00e7\u00e3o sem custo algum, como garantia do servi\u00e7o.<\/li>\n<\/ul>\n<\/li>\n<\/ul>\n\n\n\n<figure class=\"wp-block-image aligncenter size-full is-resized\"><a href=\"https:\/\/api.whatsapp.com\/send\/?phone=5541992011200&amp;text=Oi,%20tenho%20interesse%20no%20servi%C3%A7o:%20*Instala%C3%A7%C3%A3o%20Hackintosh%20Completo*\"><img loading=\"lazy\" decoding=\"async\" width=\"936\" height=\"324\" src=\"https:\/\/universohackintosh.com\/portal\/wp-content\/uploads\/2025\/01\/whats.png\" alt=\"\" class=\"wp-image-993\" style=\"width:436px;height:auto\" srcset=\"https:\/\/universohackintosh.com\/portal\/wp-content\/uploads\/2025\/01\/whats.png 936w, https:\/\/universohackintosh.com\/portal\/wp-content\/uploads\/2025\/01\/whats-300x104.png 300w, https:\/\/universohackintosh.com\/portal\/wp-content\/uploads\/2025\/01\/whats-768x266.png 768w\" sizes=\"auto, (max-width: 936px) 100vw, 936px\" \/><\/a><\/figure>\n\n\n<p class=\"wp-block-tag-cloud\"><a href=\"https:\/\/universohackintosh.com\/portal\/tag\/apple\/\" class=\"tag-cloud-link tag-link-32 tag-link-position-1\" style=\"font-size: 8pt;\" aria-label=\"Apple (1 item)\">Apple<\/a>\n<a href=\"https:\/\/universohackintosh.com\/portal\/tag\/assessoria\/\" class=\"tag-cloud-link tag-link-38 tag-link-position-2\" style=\"font-size: 8pt;\" aria-label=\"assessoria (1 item)\">assessoria<\/a>\n<a href=\"https:\/\/universohackintosh.com\/portal\/tag\/bls\/\" class=\"tag-cloud-link tag-link-25 tag-link-position-3\" style=\"font-size: 8pt;\" aria-label=\"bls (1 item)\">bls<\/a>\n<a href=\"https:\/\/universohackintosh.com\/portal\/tag\/brightness-smoother\/\" class=\"tag-cloud-link tag-link-26 tag-link-position-4\" style=\"font-size: 8pt;\" aria-label=\"Brightness Smoother (1 item)\">Brightness Smoother<\/a>\n<a href=\"https:\/\/universohackintosh.com\/portal\/tag\/config-plist\/\" class=\"tag-cloud-link tag-link-24 tag-link-position-5\" style=\"font-size: 8pt;\" aria-label=\"config.plist (1 item)\">config.plist<\/a>\n<a href=\"https:\/\/universohackintosh.com\/portal\/tag\/consultoria\/\" class=\"tag-cloud-link tag-link-31 tag-link-position-6\" style=\"font-size: 8pt;\" aria-label=\"consultoria (1 item)\">consultoria<\/a>\n<a href=\"https:\/\/universohackintosh.com\/portal\/tag\/createinstallmedia\/\" class=\"tag-cloud-link tag-link-42 tag-link-position-7\" style=\"font-size: 8pt;\" aria-label=\"createinstallmedia (1 item)\">createinstallmedia<\/a>\n<a href=\"https:\/\/universohackintosh.com\/portal\/tag\/download\/\" class=\"tag-cloud-link tag-link-40 tag-link-position-8\" style=\"font-size: 8pt;\" aria-label=\"download (1 item)\">download<\/a>\n<a href=\"https:\/\/universohackintosh.com\/portal\/tag\/efi\/\" class=\"tag-cloud-link tag-link-21 tag-link-position-9\" style=\"font-size: 8pt;\" aria-label=\"efi (1 item)\">efi<\/a>\n<a href=\"https:\/\/universohackintosh.com\/portal\/tag\/gpus\/\" class=\"tag-cloud-link tag-link-13 tag-link-position-10\" style=\"font-size: 8pt;\" aria-label=\"gpus (1 item)\">gpus<\/a>\n<a href=\"https:\/\/universohackintosh.com\/portal\/tag\/hackintosh\/\" class=\"tag-cloud-link tag-link-6 tag-link-position-11\" style=\"font-size: 22pt;\" aria-label=\"hackintosh (6 itens)\">hackintosh<\/a>\n<a href=\"https:\/\/universohackintosh.com\/portal\/tag\/hackintosh-para-desenvolver-aplicativos\/\" class=\"tag-cloud-link tag-link-48 tag-link-position-12\" style=\"font-size: 8pt;\" aria-label=\"Hackintosh para desenvolver aplicativos (1 item)\">Hackintosh para desenvolver aplicativos<\/a>\n<a href=\"https:\/\/universohackintosh.com\/portal\/tag\/hackintosh-para-programar\/\" class=\"tag-cloud-link tag-link-47 tag-link-position-13\" style=\"font-size: 8pt;\" aria-label=\"Hackintosh para programar (1 item)\">Hackintosh para programar<\/a>\n<a href=\"https:\/\/universohackintosh.com\/portal\/tag\/hackintosh-para-xcode\/\" class=\"tag-cloud-link tag-link-49 tag-link-position-14\" style=\"font-size: 8pt;\" aria-label=\"Hackintosh para Xcode (1 item)\">Hackintosh para Xcode<\/a>\n<a href=\"https:\/\/universohackintosh.com\/portal\/tag\/hardware-compativel-com-hackintosh\/\" class=\"tag-cloud-link tag-link-43 tag-link-position-15\" style=\"font-size: 8pt;\" aria-label=\"Hardware compat\u00edvel com Hackintosh (1 item)\">Hardware compat\u00edvel com Hackintosh<\/a>\n<a href=\"https:\/\/universohackintosh.com\/portal\/tag\/igpu\/\" class=\"tag-cloud-link tag-link-22 tag-link-position-16\" style=\"font-size: 8pt;\" aria-label=\"igpu (1 item)\">igpu<\/a>\n<a href=\"https:\/\/universohackintosh.com\/portal\/tag\/macos\/\" class=\"tag-cloud-link tag-link-8 tag-link-position-17\" style=\"font-size: 18.181818181818pt;\" aria-label=\"macOS (4 itens)\">macOS<\/a>\n<a href=\"https:\/\/universohackintosh.com\/portal\/tag\/macos-big-sur\/\" class=\"tag-cloud-link tag-link-35 tag-link-position-18\" style=\"font-size: 12.581818181818pt;\" aria-label=\"macOS Big Sur (2 itens)\">macOS Big Sur<\/a>\n<a href=\"https:\/\/universohackintosh.com\/portal\/tag\/macos-monterey\/\" class=\"tag-cloud-link tag-link-34 tag-link-position-19\" style=\"font-size: 12.581818181818pt;\" aria-label=\"macOS Monterey (2 itens)\">macOS Monterey<\/a>\n<a href=\"https:\/\/universohackintosh.com\/portal\/tag\/macos-sonoma\/\" class=\"tag-cloud-link tag-link-41 tag-link-position-20\" style=\"font-size: 8pt;\" aria-label=\"macOS Sonoma (1 item)\">macOS Sonoma<\/a>\n<a href=\"https:\/\/universohackintosh.com\/portal\/tag\/macos-ventura\/\" class=\"tag-cloud-link tag-link-33 tag-link-position-21\" style=\"font-size: 12.581818181818pt;\" aria-label=\"macOS Ventura (2 itens)\">macOS Ventura<\/a>\n<a href=\"https:\/\/universohackintosh.com\/portal\/tag\/notebook-para-hackintosh\/\" class=\"tag-cloud-link tag-link-50 tag-link-position-22\" style=\"font-size: 8pt;\" aria-label=\"Notebook para Hackintosh (1 item)\">Notebook para Hackintosh<\/a>\n<a href=\"https:\/\/universohackintosh.com\/portal\/tag\/notebooks\/\" class=\"tag-cloud-link tag-link-27 tag-link-position-23\" style=\"font-size: 8pt;\" aria-label=\"notebooks (1 item)\">notebooks<\/a>\n<a href=\"https:\/\/universohackintosh.com\/portal\/tag\/opencore\/\" class=\"tag-cloud-link tag-link-7 tag-link-position-24\" style=\"font-size: 20.218181818182pt;\" aria-label=\"opencore (5 itens)\">opencore<\/a>\n<a href=\"https:\/\/universohackintosh.com\/portal\/tag\/placa-mae-para-hackintosh\/\" class=\"tag-cloud-link tag-link-45 tag-link-position-25\" style=\"font-size: 8pt;\" aria-label=\"Placa m\u00e3e para Hackintosh (1 item)\">Placa m\u00e3e para Hackintosh<\/a>\n<a href=\"https:\/\/universohackintosh.com\/portal\/tag\/placas-de-video\/\" class=\"tag-cloud-link tag-link-12 tag-link-position-26\" style=\"font-size: 8pt;\" aria-label=\"placas de video (1 item)\">placas de video<\/a>\n<a href=\"https:\/\/universohackintosh.com\/portal\/tag\/processador-para-hackintosh\/\" class=\"tag-cloud-link tag-link-46 tag-link-position-27\" style=\"font-size: 8pt;\" aria-label=\"Processador para Hackintosh (1 item)\">Processador para Hackintosh<\/a>\n<a href=\"https:\/\/universohackintosh.com\/portal\/tag\/radeon\/\" class=\"tag-cloud-link tag-link-28 tag-link-position-28\" style=\"font-size: 8pt;\" aria-label=\"radeon (1 item)\">radeon<\/a>\n<a href=\"https:\/\/universohackintosh.com\/portal\/tag\/rx-560\/\" class=\"tag-cloud-link tag-link-15 tag-link-position-29\" style=\"font-size: 8pt;\" aria-label=\"RX 560 (1 item)\">RX 560<\/a>\n<a href=\"https:\/\/universohackintosh.com\/portal\/tag\/rx-580\/\" class=\"tag-cloud-link tag-link-16 tag-link-position-30\" style=\"font-size: 8pt;\" aria-label=\"RX 580 (1 item)\">RX 580<\/a>\n<a href=\"https:\/\/universohackintosh.com\/portal\/tag\/rx-6600\/\" class=\"tag-cloud-link tag-link-29 tag-link-position-31\" style=\"font-size: 8pt;\" aria-label=\"rx 6600 (1 item)\">rx 6600<\/a>\n<a href=\"https:\/\/universohackintosh.com\/portal\/tag\/rx-6600-xt\/\" class=\"tag-cloud-link tag-link-17 tag-link-position-32\" style=\"font-size: 12.581818181818pt;\" aria-label=\"RX 6600 XT (2 itens)\">RX 6600 XT<\/a>\n<a href=\"https:\/\/universohackintosh.com\/portal\/tag\/rx-6900-xt\/\" class=\"tag-cloud-link tag-link-18 tag-link-position-33\" style=\"font-size: 8pt;\" aria-label=\"RX 6900 XT (1 item)\">RX 6900 XT<\/a>\n<a href=\"https:\/\/universohackintosh.com\/portal\/tag\/setup-para-hackintosh\/\" class=\"tag-cloud-link tag-link-44 tag-link-position-34\" style=\"font-size: 8pt;\" aria-label=\"Setup para Hackintosh (1 item)\">Setup para Hackintosh<\/a>\n<a href=\"https:\/\/universohackintosh.com\/portal\/tag\/suporte\/\" class=\"tag-cloud-link tag-link-37 tag-link-position-35\" style=\"font-size: 8pt;\" aria-label=\"suporte (1 item)\">suporte<\/a>\n<a href=\"https:\/\/universohackintosh.com\/portal\/tag\/tuning\/\" class=\"tag-cloud-link tag-link-20 tag-link-position-36\" style=\"font-size: 8pt;\" aria-label=\"tuning (1 item)\">tuning<\/a>\n<a href=\"https:\/\/universohackintosh.com\/portal\/tag\/whatevergreen\/\" class=\"tag-cloud-link tag-link-23 tag-link-position-37\" style=\"font-size: 8pt;\" aria-label=\"whatevergreen (1 item)\">whatevergreen<\/a>\n<a href=\"https:\/\/universohackintosh.com\/portal\/tag\/xcode\/\" class=\"tag-cloud-link tag-link-36 tag-link-position-38\" style=\"font-size: 8pt;\" aria-label=\"Xcode (1 item)\">Xcode<\/a><\/p>","protected":false},"excerpt":{"rendered":"<p>J\u00e1 pensou em utilizar o sistema da Apple, conhecido como macOS, em qualquer computador? Pode ser um desktop, um notebook ou at\u00e9 mesmo um Mini PC ou ent\u00e3o aqueles computadores All In One (tudo em um, semelhantes a um iMac). E tudo isto ainda de maneira 100% original, sem nenhuma modifica\u00e7\u00e3o no sistema operacional, conhecido [&hellip;]<\/p>\n","protected":false},"author":1,"featured_media":0,"parent":0,"menu_order":0,"comment_status":"closed","ping_status":"closed","template":"","meta":{"footnotes":""},"class_list":["post-984","page","type-page","status-publish","hentry"],"jetpack_sharing_enabled":true,"_links":{"self":[{"href":"https:\/\/universohackintosh.com\/portal\/wp-json\/wp\/v2\/pages\/984","targetHints":{"allow":["GET"]}}],"collection":[{"href":"https:\/\/universohackintosh.com\/portal\/wp-json\/wp\/v2\/pages"}],"about":[{"href":"https:\/\/universohackintosh.com\/portal\/wp-json\/wp\/v2\/types\/page"}],"author":[{"embeddable":true,"href":"https:\/\/universohackintosh.com\/portal\/wp-json\/wp\/v2\/users\/1"}],"replies":[{"embeddable":true,"href":"https:\/\/universohackintosh.com\/portal\/wp-json\/wp\/v2\/comments?post=984"}],"version-history":[{"count":41,"href":"https:\/\/universohackintosh.com\/portal\/wp-json\/wp\/v2\/pages\/984\/revisions"}],"predecessor-version":[{"id":1107,"href":"https:\/\/universohackintosh.com\/portal\/wp-json\/wp\/v2\/pages\/984\/revisions\/1107"}],"wp:attachment":[{"href":"https:\/\/universohackintosh.com\/portal\/wp-json\/wp\/v2\/media?parent=984"}],"curies":[{"name":"wp","href":"https:\/\/api.w.org\/{rel}","templated":true}]}}