{"id":326,"date":"2022-07-17T13:57:56","date_gmt":"2022-07-17T16:57:56","guid":{"rendered":"https:\/\/universohackintosh.com\/portal\/?page_id=326"},"modified":"2023-07-04T10:45:56","modified_gmt":"2023-07-04T13:45:56","slug":"blog","status":"publish","type":"page","link":"https:\/\/universohackintosh.com\/portal\/blog\/","title":{"rendered":""},"content":{"rendered":"\n<div class=\"wp-block-query alignwide is-style-fr-brdnpaddradius is-layout-flow wp-block-query-is-layout-flow\"><ul class=\"is-flex-container columns-3 wp-block-post-template is-layout-flow wp-block-post-template-is-layout-flow\"><li class=\"wp-block-post post-1104 post type-post status-publish format-standard hentry category-compatibilidade-hackintosh\">\n<style scoped>.fr-hover-scale-img {overflow:hidden}.fr-hover-scale-img img{transition: transform .6s var(--blockpress-transition);}.fr-hover-scale-img:hover img {transform: scale(1.05);}.fr-hover-scale-img a{display:block}<\/style>\n\n\n<div class=\"wp-block-group is-layout-flow wp-container-core-group-is-layout-1e03fd0d wp-block-group-is-layout-flow\" style=\"padding-top:8px;padding-right:8px;padding-bottom:8px;padding-left:8px\"><div class=\"taxonomy-category has-link-color is-style-blockpress-tags-nounder wp-elements-42941ffe50575415a3c51763aac0a016 wp-block-post-terms has-xsmall-font-size\"><a href=\"https:\/\/universohackintosh.com\/portal\/category\/compatibilidade-hackintosh\/\" rel=\"tag\">Compatibilidade Hackintosh<\/a><\/div><style scoped>.is-style-blockpress-tags-nounder.wp-block-post-terms a{text-decoration: none;display:inline;background-repeat:no-repeat;background-image:linear-gradient(transparent calc(100% - 1px),currentColor 1px);transition:.7s var(--blockpress-transition);background-size:0 95%;}.is-style-blockpress-tags-nounder.wp-block-post-terms a:hover{background-size:100% 95%}<\/style>\n\n<h2 style=\"line-height:1.4;\" class=\"wp-block-post-title has-subheading-font-size\"><a href=\"https:\/\/universohackintosh.com\/portal\/as-principais-vantagens-de-um-hackintosh\/\" target=\"_self\" >As principais vantagens de um Hackintosh<\/a><\/h2>\n\n\n<div class=\"wp-block-group is-layout-flex wp-container-core-group-is-layout-1c9be1a5 wp-block-group-is-layout-flex\"><div style=\"font-style:normal;font-weight:700;\" class=\"wp-block-post-author has-xsmall-font-size\"><div class=\"wp-block-post-author__content\"><p class=\"wp-block-post-author__name\">Universo Hackintosh<\/p><\/div><\/div>\n\n\n<p class=\"has-xsmall-font-size\">\/<\/p>\n\n\n<div class=\"wp-block-post-date has-text-color has-lightgrey-color has-xsmall-font-size\"><time datetime=\"2025-01-10T13:24:50-03:00\">janeiro 10, 2025<\/time><\/div><\/div>\n<\/div>\n\n<\/li><li class=\"wp-block-post post-877 post type-post status-publish format-standard hentry category-compatibilidade-hackintosh category-consultorias-hackintosh tag-hackintosh-para-desenvolver-aplicativos tag-hackintosh-para-programar tag-hackintosh-para-xcode tag-hardware-compativel-com-hackintosh tag-notebook-para-hackintosh tag-placa-mae-para-hackintosh tag-processador-para-hackintosh tag-setup-para-hackintosh\">\n<style scoped>.fr-hover-scale-img {overflow:hidden}.fr-hover-scale-img img{transition: transform .6s var(--blockpress-transition);}.fr-hover-scale-img:hover img {transform: scale(1.05);}.fr-hover-scale-img a{display:block}<\/style>\n\n\n<div class=\"wp-block-group is-layout-flow wp-container-core-group-is-layout-1e03fd0d wp-block-group-is-layout-flow\" style=\"padding-top:8px;padding-right:8px;padding-bottom:8px;padding-left:8px\"><div class=\"taxonomy-category has-link-color is-style-blockpress-tags-nounder wp-elements-42941ffe50575415a3c51763aac0a016 wp-block-post-terms has-xsmall-font-size\"><a href=\"https:\/\/universohackintosh.com\/portal\/category\/compatibilidade-hackintosh\/\" rel=\"tag\">Compatibilidade Hackintosh<\/a><span class=\"wp-block-post-terms__separator\">  <\/span><a href=\"https:\/\/universohackintosh.com\/portal\/category\/consultorias-hackintosh\/\" rel=\"tag\">Consultorias Hackintosh<\/a><\/div><style scoped>.is-style-blockpress-tags-nounder.wp-block-post-terms a{text-decoration: none;display:inline;background-repeat:no-repeat;background-image:linear-gradient(transparent calc(100% - 1px),currentColor 1px);transition:.7s var(--blockpress-transition);background-size:0 95%;}.is-style-blockpress-tags-nounder.wp-block-post-terms a:hover{background-size:100% 95%}<\/style>\n\n<h2 style=\"line-height:1.4;\" class=\"wp-block-post-title has-subheading-font-size\"><a href=\"https:\/\/universohackintosh.com\/portal\/quais-melhores-pecas-componentes-setup-compativel-para-hackintosh\/\" target=\"_self\" >Quais as melhores pe\u00e7as e componentes compat\u00edveis com Hackintosh?<\/a><\/h2>\n\n\n<div class=\"wp-block-group is-layout-flex wp-container-core-group-is-layout-1c9be1a5 wp-block-group-is-layout-flex\"><div style=\"font-style:normal;font-weight:700;\" class=\"wp-block-post-author has-xsmall-font-size\"><div class=\"wp-block-post-author__content\"><p class=\"wp-block-post-author__name\">Universo Hackintosh<\/p><\/div><\/div>\n\n\n<p class=\"has-xsmall-font-size\">\/<\/p>\n\n\n<div class=\"wp-block-post-date has-text-color has-lightgrey-color has-xsmall-font-size\"><time datetime=\"2023-12-20T11:53:30-03:00\">dezembro 20, 2023<\/time><\/div><\/div>\n<\/div>\n\n<\/li><li class=\"wp-block-post post-730 post type-post status-publish format-standard hentry category-download-do-macos tag-createinstallmedia tag-download tag-hackintosh tag-macos tag-macos-big-sur tag-macos-monterey tag-macos-sonoma tag-macos-ventura tag-opencore\">\n<style scoped>.fr-hover-scale-img {overflow:hidden}.fr-hover-scale-img img{transition: transform .6s var(--blockpress-transition);}.fr-hover-scale-img:hover img {transform: scale(1.05);}.fr-hover-scale-img a{display:block}<\/style>\n\n\n<div class=\"wp-block-group is-layout-flow wp-container-core-group-is-layout-1e03fd0d wp-block-group-is-layout-flow\" style=\"padding-top:8px;padding-right:8px;padding-bottom:8px;padding-left:8px\"><div class=\"taxonomy-category has-link-color is-style-blockpress-tags-nounder wp-elements-42941ffe50575415a3c51763aac0a016 wp-block-post-terms has-xsmall-font-size\"><a href=\"https:\/\/universohackintosh.com\/portal\/category\/download-do-macos\/\" rel=\"tag\">Download do macOS<\/a><\/div><style scoped>.is-style-blockpress-tags-nounder.wp-block-post-terms a{text-decoration: none;display:inline;background-repeat:no-repeat;background-image:linear-gradient(transparent calc(100% - 1px),currentColor 1px);transition:.7s var(--blockpress-transition);background-size:0 95%;}.is-style-blockpress-tags-nounder.wp-block-post-terms a:hover{background-size:100% 95%}<\/style>\n\n<h2 style=\"line-height:1.4;\" class=\"wp-block-post-title has-subheading-font-size\"><a href=\"https:\/\/universohackintosh.com\/portal\/downloads-do-macos-big-sur-monterey-ventura-sonoma-sequoia\/\" target=\"_self\" >Downloads do macOS (Big Sur, Monterey, Ventura,  Sonoma, Sequoia e Tahoe)<\/a><\/h2>\n\n\n<div class=\"wp-block-group is-layout-flex wp-container-core-group-is-layout-1c9be1a5 wp-block-group-is-layout-flex\"><div style=\"font-style:normal;font-weight:700;\" class=\"wp-block-post-author has-xsmall-font-size\"><div class=\"wp-block-post-author__content\"><p class=\"wp-block-post-author__name\">Universo Hackintosh<\/p><\/div><\/div>\n\n\n<p class=\"has-xsmall-font-size\">\/<\/p>\n\n\n<div class=\"wp-block-post-date has-text-color has-lightgrey-color has-xsmall-font-size\"><time datetime=\"2023-07-03T11:34:09-03:00\">julho 3, 2023<\/time><\/div><\/div>\n<\/div>\n\n<\/li><li class=\"wp-block-post post-608 post type-post status-publish format-standard hentry category-consultorias-hackintosh tag-apple tag-assessoria tag-consultoria tag-hackintosh tag-macos tag-macos-big-sur tag-macos-monterey tag-macos-ventura tag-opencore tag-suporte tag-xcode\">\n<style scoped>.fr-hover-scale-img {overflow:hidden}.fr-hover-scale-img img{transition: transform .6s var(--blockpress-transition);}.fr-hover-scale-img:hover img {transform: scale(1.05);}.fr-hover-scale-img a{display:block}<\/style>\n\n\n<div class=\"wp-block-group is-layout-flow wp-container-core-group-is-layout-1e03fd0d wp-block-group-is-layout-flow\" style=\"padding-top:8px;padding-right:8px;padding-bottom:8px;padding-left:8px\"><div class=\"taxonomy-category has-link-color is-style-blockpress-tags-nounder wp-elements-42941ffe50575415a3c51763aac0a016 wp-block-post-terms has-xsmall-font-size\"><a href=\"https:\/\/universohackintosh.com\/portal\/category\/consultorias-hackintosh\/\" rel=\"tag\">Consultorias Hackintosh<\/a><\/div><style scoped>.is-style-blockpress-tags-nounder.wp-block-post-terms a{text-decoration: none;display:inline;background-repeat:no-repeat;background-image:linear-gradient(transparent calc(100% - 1px),currentColor 1px);transition:.7s var(--blockpress-transition);background-size:0 95%;}.is-style-blockpress-tags-nounder.wp-block-post-terms a:hover{background-size:100% 95%}<\/style>\n\n<h2 style=\"line-height:1.4;\" class=\"wp-block-post-title has-subheading-font-size\"><a href=\"https:\/\/universohackintosh.com\/portal\/consultoria-profissional-para-hackintosh\/\" target=\"_self\" >Consultoria profissional para Hackintosh<\/a><\/h2>\n\n\n<div class=\"wp-block-group is-layout-flex wp-container-core-group-is-layout-1c9be1a5 wp-block-group-is-layout-flex\"><div style=\"font-style:normal;font-weight:700;\" class=\"wp-block-post-author has-xsmall-font-size\"><div class=\"wp-block-post-author__content\"><p class=\"wp-block-post-author__name\">Universo Hackintosh<\/p><\/div><\/div>\n\n\n<p class=\"has-xsmall-font-size\">\/<\/p>\n\n\n<div class=\"wp-block-post-date has-text-color has-lightgrey-color has-xsmall-font-size\"><time datetime=\"2023-01-12T09:03:37-03:00\">janeiro 12, 2023<\/time><\/div><\/div>\n<\/div>\n\n<\/li><li class=\"wp-block-post post-525 post type-post status-publish format-standard hentry category-compatibilidade-hackintosh tag-hackintosh tag-macos tag-opencore tag-radeon tag-rx-6600 tag-rx-6600-xt\">\n<style scoped>.fr-hover-scale-img {overflow:hidden}.fr-hover-scale-img img{transition: transform .6s var(--blockpress-transition);}.fr-hover-scale-img:hover img {transform: scale(1.05);}.fr-hover-scale-img a{display:block}<\/style>\n\n\n<div class=\"wp-block-group is-layout-flow wp-container-core-group-is-layout-1e03fd0d wp-block-group-is-layout-flow\" style=\"padding-top:8px;padding-right:8px;padding-bottom:8px;padding-left:8px\"><div class=\"taxonomy-category has-link-color is-style-blockpress-tags-nounder wp-elements-42941ffe50575415a3c51763aac0a016 wp-block-post-terms has-xsmall-font-size\"><a href=\"https:\/\/universohackintosh.com\/portal\/category\/compatibilidade-hackintosh\/\" rel=\"tag\">Compatibilidade Hackintosh<\/a><\/div><style scoped>.is-style-blockpress-tags-nounder.wp-block-post-terms a{text-decoration: none;display:inline;background-repeat:no-repeat;background-image:linear-gradient(transparent calc(100% - 1px),currentColor 1px);transition:.7s var(--blockpress-transition);background-size:0 95%;}.is-style-blockpress-tags-nounder.wp-block-post-terms a:hover{background-size:100% 95%}<\/style>\n\n<h2 style=\"line-height:1.4;\" class=\"wp-block-post-title has-subheading-font-size\"><a href=\"https:\/\/universohackintosh.com\/portal\/rx-6600m-do-aliexpress-funciona-no-hackintosh\/\" target=\"_self\" >RX 6600M do Aliexpress funciona no Hackintosh?<\/a><\/h2>\n\n\n<div class=\"wp-block-group is-layout-flex wp-container-core-group-is-layout-1c9be1a5 wp-block-group-is-layout-flex\"><div style=\"font-style:normal;font-weight:700;\" class=\"wp-block-post-author has-xsmall-font-size\"><div class=\"wp-block-post-author__content\"><p class=\"wp-block-post-author__name\">Universo Hackintosh<\/p><\/div><\/div>\n\n\n<p class=\"has-xsmall-font-size\">\/<\/p>\n\n\n<div class=\"wp-block-post-date has-text-color has-lightgrey-color has-xsmall-font-size\"><time datetime=\"2022-08-04T16:13:25-03:00\">agosto 4, 2022<\/time><\/div><\/div>\n<\/div>\n\n<\/li><li class=\"wp-block-post post-444 post type-post status-publish format-standard hentry category-melhorias-no-opencore-efi tag-bls tag-brightness-smoother tag-config-plist tag-efi tag-hackintosh tag-igpu tag-opencore tag-tuning tag-whatevergreen\">\n<style scoped>.fr-hover-scale-img {overflow:hidden}.fr-hover-scale-img img{transition: transform .6s var(--blockpress-transition);}.fr-hover-scale-img:hover img {transform: scale(1.05);}.fr-hover-scale-img a{display:block}<\/style>\n\n\n<div class=\"wp-block-group is-layout-flow wp-container-core-group-is-layout-1e03fd0d wp-block-group-is-layout-flow\" style=\"padding-top:8px;padding-right:8px;padding-bottom:8px;padding-left:8px\"><div class=\"taxonomy-category has-link-color is-style-blockpress-tags-nounder wp-elements-42941ffe50575415a3c51763aac0a016 wp-block-post-terms has-xsmall-font-size\"><a href=\"https:\/\/universohackintosh.com\/portal\/category\/melhorias-no-opencore-efi\/\" rel=\"tag\">Melhorias Opencore<\/a><\/div><style scoped>.is-style-blockpress-tags-nounder.wp-block-post-terms a{text-decoration: none;display:inline;background-repeat:no-repeat;background-image:linear-gradient(transparent calc(100% - 1px),currentColor 1px);transition:.7s var(--blockpress-transition);background-size:0 95%;}.is-style-blockpress-tags-nounder.wp-block-post-terms a:hover{background-size:100% 95%}<\/style>\n\n<h2 style=\"line-height:1.4;\" class=\"wp-block-post-title has-subheading-font-size\"><a href=\"https:\/\/universohackintosh.com\/portal\/como-ativar-bls-brightness-smoother-hackintosh-notebooks-whatevergreen\/\" target=\"_self\" >Ajuste de Brightness Smoother em iGPUs Intel (BLS)<\/a><\/h2>\n\n\n<div class=\"wp-block-group is-layout-flex wp-container-core-group-is-layout-1c9be1a5 wp-block-group-is-layout-flex\"><div style=\"font-style:normal;font-weight:700;\" class=\"wp-block-post-author has-xsmall-font-size\"><div class=\"wp-block-post-author__content\"><p class=\"wp-block-post-author__name\">Universo Hackintosh<\/p><\/div><\/div>\n\n\n<p class=\"has-xsmall-font-size\">\/<\/p>\n\n\n<div class=\"wp-block-post-date has-text-color has-lightgrey-color has-xsmall-font-size\"><time datetime=\"2022-07-19T20:20:00-03:00\">julho 19, 2022<\/time><\/div><\/div>\n<\/div>\n\n<\/li><li class=\"wp-block-post post-367 post type-post status-publish format-standard hentry category-compatibilidade-hackintosh tag-gpus tag-hackintosh tag-placas-de-video tag-rx-560 tag-rx-580 tag-rx-6600-xt tag-rx-6900-xt\">\n<style scoped>.fr-hover-scale-img {overflow:hidden}.fr-hover-scale-img img{transition: transform .6s var(--blockpress-transition);}.fr-hover-scale-img:hover img {transform: scale(1.05);}.fr-hover-scale-img a{display:block}<\/style>\n\n\n<div class=\"wp-block-group is-layout-flow wp-container-core-group-is-layout-1e03fd0d wp-block-group-is-layout-flow\" style=\"padding-top:8px;padding-right:8px;padding-bottom:8px;padding-left:8px\"><div class=\"taxonomy-category has-link-color is-style-blockpress-tags-nounder wp-elements-42941ffe50575415a3c51763aac0a016 wp-block-post-terms has-xsmall-font-size\"><a href=\"https:\/\/universohackintosh.com\/portal\/category\/compatibilidade-hackintosh\/\" rel=\"tag\">Compatibilidade Hackintosh<\/a><\/div><style scoped>.is-style-blockpress-tags-nounder.wp-block-post-terms a{text-decoration: none;display:inline;background-repeat:no-repeat;background-image:linear-gradient(transparent calc(100% - 1px),currentColor 1px);transition:.7s var(--blockpress-transition);background-size:0 95%;}.is-style-blockpress-tags-nounder.wp-block-post-terms a:hover{background-size:100% 95%}<\/style>\n\n<h2 style=\"line-height:1.4;\" class=\"wp-block-post-title has-subheading-font-size\"><a href=\"https:\/\/universohackintosh.com\/portal\/quais-placas-de-video-gpu-sao-compativeis-com-o-macos\/\" target=\"_self\" >Quais placas de v\u00eddeo (GPU) s\u00e3o compat\u00edveis com o macOS<\/a><\/h2>\n\n\n<div class=\"wp-block-group is-layout-flex wp-container-core-group-is-layout-1c9be1a5 wp-block-group-is-layout-flex\"><div style=\"font-style:normal;font-weight:700;\" class=\"wp-block-post-author has-xsmall-font-size\"><div class=\"wp-block-post-author__content\"><p class=\"wp-block-post-author__name\">Universo Hackintosh<\/p><\/div><\/div>\n\n\n<p class=\"has-xsmall-font-size\">\/<\/p>\n\n\n<div class=\"wp-block-post-date has-text-color has-lightgrey-color has-xsmall-font-size\"><time datetime=\"2022-07-18T20:04:27-03:00\">julho 18, 2022<\/time><\/div><\/div>\n<\/div>\n\n<\/li><li class=\"wp-block-post post-208 post type-post status-publish format-standard hentry category-compatibilidade-hackintosh tag-hackintosh tag-macos tag-notebooks tag-opencore\">\n<style scoped>.fr-hover-scale-img {overflow:hidden}.fr-hover-scale-img img{transition: transform .6s var(--blockpress-transition);}.fr-hover-scale-img:hover img {transform: scale(1.05);}.fr-hover-scale-img a{display:block}<\/style>\n\n\n<div class=\"wp-block-group is-layout-flow wp-container-core-group-is-layout-1e03fd0d wp-block-group-is-layout-flow\" style=\"padding-top:8px;padding-right:8px;padding-bottom:8px;padding-left:8px\"><div class=\"taxonomy-category has-link-color is-style-blockpress-tags-nounder wp-elements-42941ffe50575415a3c51763aac0a016 wp-block-post-terms has-xsmall-font-size\"><a href=\"https:\/\/universohackintosh.com\/portal\/category\/compatibilidade-hackintosh\/\" rel=\"tag\">Compatibilidade Hackintosh<\/a><\/div><style scoped>.is-style-blockpress-tags-nounder.wp-block-post-terms a{text-decoration: none;display:inline;background-repeat:no-repeat;background-image:linear-gradient(transparent calc(100% - 1px),currentColor 1px);transition:.7s var(--blockpress-transition);background-size:0 95%;}.is-style-blockpress-tags-nounder.wp-block-post-terms a:hover{background-size:100% 95%}<\/style>\n\n<h2 style=\"line-height:1.4;\" class=\"wp-block-post-title has-subheading-font-size\"><a href=\"https:\/\/universohackintosh.com\/portal\/quais-os-melhores-notebooks-para-hackintosh-em-2022\/\" target=\"_self\" >Quais os melhores notebooks para Hackintosh em 2022<\/a><\/h2>\n\n\n<div class=\"wp-block-group is-layout-flex wp-container-core-group-is-layout-1c9be1a5 wp-block-group-is-layout-flex\"><div style=\"font-style:normal;font-weight:700;\" class=\"wp-block-post-author has-xsmall-font-size\"><div class=\"wp-block-post-author__content\"><p class=\"wp-block-post-author__name\">Universo Hackintosh<\/p><\/div><\/div>\n\n\n<p class=\"has-xsmall-font-size\">\/<\/p>\n\n\n<div class=\"wp-block-post-date has-text-color has-lightgrey-color has-xsmall-font-size\"><time datetime=\"2022-07-17T11:53:54-03:00\">julho 17, 2022<\/time><\/div><\/div>\n<\/div>\n\n<\/li><\/ul>\n\n<\/div>\n<style scoped>.is-style-fr-brdnpaddradius > ul > li{border-radius:8px; padding:15px;box-sizing: border-box;box-shadow:-2px 3px 10px 1px rgb(202 202 202 \/ 26%);margin-bottom:1.25em}.editor-styles-wrapper .is-style-fr-brdnpaddradius figure.wp-block-post-featured-image, .is-style-fr-brdnpaddradius figure.wp-block-post-featured-image{margin:-15px -15px 12px -15px !important;border-radius:8px 8px 0 0}<\/style>","protected":false},"excerpt":{"rendered":"","protected":false},"author":1,"featured_media":0,"parent":0,"menu_order":0,"comment_status":"closed","ping_status":"closed","template":"","meta":{"footnotes":""},"class_list":["post-326","page","type-page","status-publish","hentry"],"jetpack_sharing_enabled":true,"_links":{"self":[{"href":"https:\/\/universohackintosh.com\/portal\/wp-json\/wp\/v2\/pages\/326","targetHints":{"allow":["GET"]}}],"collection":[{"href":"https:\/\/universohackintosh.com\/portal\/wp-json\/wp\/v2\/pages"}],"about":[{"href":"https:\/\/universohackintosh.com\/portal\/wp-json\/wp\/v2\/types\/page"}],"author":[{"embeddable":true,"href":"https:\/\/universohackintosh.com\/portal\/wp-json\/wp\/v2\/users\/1"}],"replies":[{"embeddable":true,"href":"https:\/\/universohackintosh.com\/portal\/wp-json\/wp\/v2\/comments?post=326"}],"version-history":[{"count":9,"href":"https:\/\/universohackintosh.com\/portal\/wp-json\/wp\/v2\/pages\/326\/revisions"}],"predecessor-version":[{"id":790,"href":"https:\/\/universohackintosh.com\/portal\/wp-json\/wp\/v2\/pages\/326\/revisions\/790"}],"wp:attachment":[{"href":"https:\/\/universohackintosh.com\/portal\/wp-json\/wp\/v2\/media?parent=326"}],"curies":[{"name":"wp","href":"https:\/\/api.w.org\/{rel}","templated":true}]}}