{"id":1089,"date":"2025-01-08T16:04:13","date_gmt":"2025-01-08T19:04:13","guid":{"rendered":"https:\/\/universohackintosh.com\/portal\/?page_id=1089"},"modified":"2025-01-08T16:08:34","modified_gmt":"2025-01-08T19:08:34","slug":"atualizacao-de-hackintosh-como-atualizar","status":"publish","type":"page","link":"https:\/\/universohackintosh.com\/portal\/atualizacao-de-hackintosh-como-atualizar\/","title":{"rendered":"Servi\u00e7o: Atualiza\u00e7\u00e3o de Hackintosh"},"content":{"rendered":"\n<figure class=\"wp-block-image aligncenter size-full is-resized\"><a href=\"https:\/\/api.whatsapp.com\/send\/?phone=5541992011200&amp;text=Oi,%20tenho%20interesse%20no%20servi%C3%A7o:%20*Atualiza%C3%A7%C3%A3o%20de%20Hackintosh*\"><img loading=\"lazy\" decoding=\"async\" width=\"936\" height=\"324\" src=\"https:\/\/universohackintosh.com\/portal\/wp-content\/uploads\/2025\/01\/whats.png\" alt=\"\" class=\"wp-image-993\" style=\"width:436px;height:auto\" srcset=\"https:\/\/universohackintosh.com\/portal\/wp-content\/uploads\/2025\/01\/whats.png 936w, https:\/\/universohackintosh.com\/portal\/wp-content\/uploads\/2025\/01\/whats-300x104.png 300w, https:\/\/universohackintosh.com\/portal\/wp-content\/uploads\/2025\/01\/whats-768x266.png 768w\" sizes=\"auto, (max-width: 936px) 100vw, 936px\" \/><\/a><\/figure>\n\n\n\n<p>Se voc\u00ea j\u00e1 tem seu Hackintosh rodando, seja com Opencore ou Clover, independente da vers\u00e3o do seu sistema macOS (Sierra, High Sierra, Mojave, Catalina, Big Sur, Monterey, Ventura, Sonoma ou at\u00e9 mesmo o Sequoia) e deseja atualizar seu Hackintosh, seja apenas a EFI, os drivers\/kexts, patches\/SSDTs ou ent\u00e3o o pr\u00f3prio sistema operacional, BIOS, ou qualquer outro componente de software, podemos resolver tudo isto para voc\u00ea remotamente e atualizar todo o seu Hackintosh.<\/p>\n\n\n\n<p>O mais comum, principalmente se voc\u00ea n\u00e3o tem um Hackintosh realizado e montado pelo Universo Hackintosh, \u00e9 a necessidade de criar uma EFI completamente nova com o Opencore, e antes disto preparar todo o setup para receber as melhores corre\u00e7\u00f5es poss\u00edveis, principalmente atualiza\u00e7\u00e3o de BIOS do seu Hackintosh (a maioria dos Hackintosh n\u00e3o possui BIOS atualizada e isto gera uma defasagem tecnol\u00f3gica gigantesca, principalmente de seguran\u00e7a, estabilidade do macOS e em alguns casos, at\u00e9 velocidade e novas funcionalidades).<\/p>\n\n\n\n<h2 class=\"wp-block-heading\" id=\"quanto-custa-o-servico-de-atualizacao-de-hackintosh\">Quanto custa o servi\u00e7o de atualiza\u00e7\u00e3o de Hackintosh<\/h2>\n\n\n\n<p>Diferente dos demais servi\u00e7os publicados aqui no site, este \u00e9 um servi\u00e7o mais din\u00e2mico e que o valor acaba n\u00e3o sendo fixo. Os valores podem variar em m\u00e9dia de <strong>R$ 650,00<\/strong> para at\u00e9 <strong>R$ 1.650,00<\/strong> (Para pagamentos a vista\/PIX). \u00c9 poss\u00edvel fazer o parcelamento em at\u00e9 6x no cart\u00e3o, com acr\u00e9scimo de 13,5%.<\/p>\n\n\n\n<figure class=\"wp-block-image aligncenter size-full is-resized\"><a href=\"https:\/\/api.whatsapp.com\/send\/?phone=5541992011200&amp;text=Oi,%20tenho%20interesse%20no%20servi%C3%A7o:%20*Atualiza%C3%A7%C3%A3o%20de%20Hackintosh*\"><img loading=\"lazy\" decoding=\"async\" width=\"936\" height=\"324\" src=\"https:\/\/universohackintosh.com\/portal\/wp-content\/uploads\/2025\/01\/whats.png\" alt=\"\" class=\"wp-image-993\" style=\"width:436px;height:auto\" srcset=\"https:\/\/universohackintosh.com\/portal\/wp-content\/uploads\/2025\/01\/whats.png 936w, https:\/\/universohackintosh.com\/portal\/wp-content\/uploads\/2025\/01\/whats-300x104.png 300w, https:\/\/universohackintosh.com\/portal\/wp-content\/uploads\/2025\/01\/whats-768x266.png 768w\" sizes=\"auto, (max-width: 936px) 100vw, 936px\" \/><\/a><\/figure>\n\n\n\n<h2 class=\"wp-block-heading\" id=\"quanto-custa-o-servico-de-atualizacao-de-hackintosh\">D\u00favidas sobre atualiza\u00e7\u00e3o de Hackintosh<\/h2>\n\n\n\n<ol class=\"wp-block-list\">\n<li>Posso atualizar o macOS diretamente pelo painel de controle do pr\u00f3prio sistema?\n<ul class=\"wp-block-list\">\n<li>Sim, desde que a EFI [Opencore] esteja corretamente criada, atualizada e preparada para tal a\u00e7\u00e3o;<\/li>\n<\/ul>\n<\/li>\n\n\n\n<li>\u00c9 poss\u00edvel fazer toda a atualiza\u00e7\u00e3o por Wi-Fi?\n<ul class=\"wp-block-list\">\n<li>Sim, desde que a EFI [Opencore] esteja corretamente criada, atualizada e preparada para tal a\u00e7\u00e3o;<\/li>\n<\/ul>\n<\/li>\n\n\n\n<li>Meu hardware suporta a atualiza\u00e7\u00e3o do Hackintosh para qual vers\u00e3o do macOS?\n<ul class=\"wp-block-list\">\n<li>Isto vai depender de in\u00fameros fatores, desde o hardware utilizado, como placa m\u00e3e, modelo de processador, se est\u00e1 utilizando ou n\u00e3o placa de v\u00eddeo dedicada ou apenas <em>onboard<\/em>\/integrada. Para este tipo de situa\u00e7\u00e3o recomendamos voc\u00ea primeiramente contratar o servi\u00e7o de <a href=\"https:\/\/universohackintosh.com\/portal\/avaliacao-compatibilidade-hackintosh\/\" data-type=\"page\" data-id=\"1027\" target=\"_blank\" rel=\"noreferrer noopener\">avalia\u00e7\u00e3o de compatibilidade<\/a>, a qual iremos identificar qual a vers\u00e3o do macOS mais atualizada e adequada e at\u00e9 mesmo se seu hardware possui alguma limita\u00e7\u00e3o com Hackintosh e a devida compatibilidade com o processo.<\/li>\n<\/ul>\n<\/li>\n<\/ol>\n\n\n\n<p><\/p>\n\n\n\n<p><\/p>\n","protected":false},"excerpt":{"rendered":"<p>Se voc\u00ea j\u00e1 tem seu Hackintosh rodando, seja com Opencore ou Clover, independente da vers\u00e3o do seu sistema macOS (Sierra, High Sierra, Mojave, Catalina, Big Sur, Monterey, Ventura, Sonoma ou at\u00e9 mesmo o Sequoia) e deseja atualizar seu Hackintosh, seja apenas a EFI, os drivers\/kexts, patches\/SSDTs ou ent\u00e3o o pr\u00f3prio sistema operacional, BIOS, ou qualquer [&hellip;]<\/p>\n","protected":false},"author":1,"featured_media":0,"parent":0,"menu_order":0,"comment_status":"closed","ping_status":"closed","template":"","meta":{"footnotes":""},"class_list":["post-1089","page","type-page","status-publish","hentry"],"jetpack_sharing_enabled":true,"_links":{"self":[{"href":"https:\/\/universohackintosh.com\/portal\/wp-json\/wp\/v2\/pages\/1089","targetHints":{"allow":["GET"]}}],"collection":[{"href":"https:\/\/universohackintosh.com\/portal\/wp-json\/wp\/v2\/pages"}],"about":[{"href":"https:\/\/universohackintosh.com\/portal\/wp-json\/wp\/v2\/types\/page"}],"author":[{"embeddable":true,"href":"https:\/\/universohackintosh.com\/portal\/wp-json\/wp\/v2\/users\/1"}],"replies":[{"embeddable":true,"href":"https:\/\/universohackintosh.com\/portal\/wp-json\/wp\/v2\/comments?post=1089"}],"version-history":[{"count":5,"href":"https:\/\/universohackintosh.com\/portal\/wp-json\/wp\/v2\/pages\/1089\/revisions"}],"predecessor-version":[{"id":1095,"href":"https:\/\/universohackintosh.com\/portal\/wp-json\/wp\/v2\/pages\/1089\/revisions\/1095"}],"wp:attachment":[{"href":"https:\/\/universohackintosh.com\/portal\/wp-json\/wp\/v2\/media?parent=1089"}],"curies":[{"name":"wp","href":"https:\/\/api.w.org\/{rel}","templated":true}]}}